{"id":3,"date":"2022-07-09T23:06:47","date_gmt":"2022-07-10T02:06:47","guid":{"rendered":"http:\/\/infokings.com.br\/lp\/?page_id=3"},"modified":"2023-11-06T14:23:57","modified_gmt":"2023-11-06T17:23:57","slug":"politica-de-privacidade","status":"publish","type":"page","link":"http:\/\/infokings.com.br\/lp\/politica-de-privacidade\/","title":{"rendered":"Pol\u00edtica de privacidade"},"content":{"rendered":"\t\t<div data-elementor-type=\"wp-page\" data-elementor-id=\"3\" class=\"elementor elementor-3\" data-elementor-post-type=\"page\">\n\t\t\t\t\t\t<div class=\"elementor-inner\">\n\t\t\t\t<div class=\"elementor-section-wrap\">\n\t\t\t\t\t\t\t\t\t<section class=\"elementor-section elementor-top-section elementor-element elementor-element-2a6109e elementor-section-full_width elementor-section-height-default elementor-section-height-default\" data-id=\"2a6109e\" data-element_type=\"section\" data-settings=\"{&quot;background_background&quot;:&quot;classic&quot;}\">\n\t\t\t\t\t\t<div class=\"elementor-container elementor-column-gap-no\">\n\t\t\t\t\t\t\t<div class=\"elementor-row\">\n\t\t\t\t\t<div class=\"elementor-column elementor-col-100 elementor-top-column elementor-element elementor-element-b35615a\" data-id=\"b35615a\" data-element_type=\"column\">\n\t\t\t<div class=\"elementor-column-wrap elementor-element-populated\">\n\t\t\t\t\t\t\t<div class=\"elementor-widget-wrap\">\n\t\t\t\t\t\t<div class=\"elementor-element elementor-element-bae8b84 elementor--h-position-center elementor--v-position-middle elementor-widget elementor-widget-slides\" data-id=\"bae8b84\" data-element_type=\"widget\" data-settings=\"{&quot;transition&quot;:&quot;fade&quot;,&quot;navigation&quot;:&quot;none&quot;,&quot;autoplay&quot;:&quot;yes&quot;,&quot;pause_on_hover&quot;:&quot;yes&quot;,&quot;pause_on_interaction&quot;:&quot;yes&quot;,&quot;autoplay_speed&quot;:5000,&quot;infinite&quot;:&quot;yes&quot;,&quot;transition_speed&quot;:500}\" data-widget_type=\"slides.default\">\n\t\t\t\t<div class=\"elementor-widget-container\">\n\t\t\t\t\t<div class=\"elementor-swiper\">\n\t\t\t<div class=\"elementor-slides-wrapper elementor-main-swiper swiper-container\" dir=\"ltr\" data-animation=\"fadeInUp\">\n\t\t\t\t<div class=\"swiper-wrapper elementor-slides\">\n\t\t\t\t\t\t\t\t\t\t<div class=\"elementor-repeater-item-c72b3b3 swiper-slide\"><div class=\"swiper-slide-bg\" role=\"img\"><\/div><div class=\"swiper-slide-inner\" ><div class=\"swiper-slide-contents\"><div class=\"elementor-slide-heading\">Termos e Condi\u00e7\u00f5es de Uso Infokings<\/div><\/div><\/div><\/div>\t\t\t\t<\/div>\n\t\t\t\t\t\t\t<\/div>\n\t\t<\/div>\n\t\t\t\t<\/div>\n\t\t\t\t<\/div>\n\t\t\t\t<div class=\"elementor-element elementor-element-b0f75dc elementor-widescreen-align-center elementor-laptop-align-center elementor-mobile-align-center elementor-widget elementor-widget-button\" data-id=\"b0f75dc\" data-element_type=\"widget\" data-widget_type=\"button.default\">\n\t\t\t\t<div class=\"elementor-widget-container\">\n\t\t\t\t\t<div class=\"elementor-button-wrapper\">\n\t\t\t<a class=\"elementor-button elementor-button-link elementor-size-sm\" href=\"https:\/\/drive.google.com\/file\/d\/1xrUEWEd-ZK4clBRvg77_FClkca0Siila\/view?usp=sharing\">\n\t\t\t\t\t\t<span class=\"elementor-button-content-wrapper\">\n\t\t\t\t\t\t<span class=\"elementor-button-text\">Fazer download<\/span>\n\t\t<\/span>\n\t\t\t\t\t<\/a>\n\t\t<\/div>\n\t\t\t\t<\/div>\n\t\t\t\t<\/div>\n\t\t\t\t\t\t<\/div>\n\t\t\t\t\t<\/div>\n\t\t<\/div>\n\t\t\t\t\t\t\t\t<\/div>\n\t\t\t\t\t<\/div>\n\t\t<\/section>\n\t\t\t\t<section class=\"elementor-section elementor-top-section elementor-element elementor-element-77764781 elementor-section-boxed elementor-section-height-default elementor-section-height-default\" data-id=\"77764781\" data-element_type=\"section\">\n\t\t\t\t\t\t<div class=\"elementor-container elementor-column-gap-default\">\n\t\t\t\t\t\t\t<div class=\"elementor-row\">\n\t\t\t\t\t<div class=\"elementor-column elementor-col-100 elementor-top-column elementor-element elementor-element-d04283b\" data-id=\"d04283b\" data-element_type=\"column\">\n\t\t\t<div class=\"elementor-column-wrap elementor-element-populated\">\n\t\t\t\t\t\t\t<div class=\"elementor-widget-wrap\">\n\t\t\t\t\t\t<div class=\"elementor-element elementor-element-57519b35 elementor-widget elementor-widget-text-editor\" data-id=\"57519b35\" data-element_type=\"widget\" data-widget_type=\"text-editor.default\">\n\t\t\t\t<div class=\"elementor-widget-container\">\n\t\t\t\t\t\t\t\t<div class=\"elementor-text-editor elementor-clearfix\">\n\t\t\t\t<p><!-- wp:heading --><\/p>\n<p><b>POL\u00cdTICAS DE PRIVACIDADE&nbsp; DO&nbsp; APLICATIVO&nbsp; IK PONTO APP<\/b><\/p><p>Atualizado em: 01\/11\/2023<\/p><p>Estas Pol\u00edticas de Privacidade aplicam-se aos servi\u00e7os de controle de ponto prestados pela pessoa jur\u00eddica INFOKINGS SISTEMAS DE PONTO E ACESSO LTDA, regulamente inscrita no CNPJ n.\u00ba 12.004.232\/0001-05, com sede na Rua Rep\u00fablica do L\u00edbano, 61, sala 703, Centro, Rio de Janeiro\/RJ, doravante denominado como IK PONTO APP.<\/p><p>Ao decidir utilizar-se dos servi\u00e7os oferecidos pelo IK PONTO APP, o cliente automaticamente CONCORDA E ACEITA estas Pol\u00edticas de Privacidade bem como toma ci\u00eancia de todas as cl\u00e1usulas aqui elencadas.<\/p><p>\u00c9 importante que voc\u00ea verifique com frequ\u00eancia se h\u00e1 atualiza\u00e7\u00f5es na Pol\u00edtica de Privacidade. Podemos atualizar esta Pol\u00edtica de Privacidade periodicamente para refletir altera\u00e7\u00f5es em nossas pr\u00e1ticas de dados pessoais relacionadas ao servi\u00e7o ou altera\u00e7\u00f5es nas leis aplic\u00e1veis.<\/p><p>Publicaremos um aviso em nosso site para alert\u00e1-lo antecipadamente sobre altera\u00e7\u00f5es importantes na nossa Pol\u00edtica de Privacidade e indicaremos na parte superior quando ela foi modificada pela \u00faltima vez.<\/p><p><b>DAS INFORMA\u00c7\u00d5ES GERAIS<\/b><\/p><p><br><\/p><p>1.1 Esta Pol\u00edtica de Privacidade tem como objetivo informar a voc\u00ea, usu\u00e1rio do IK PONTO APP, sobre quais informa\u00e7\u00f5es s\u00e3o coletadas, al\u00e9m de como elas s\u00e3o tratadas, em que situa\u00e7\u00f5es s\u00e3o compartilhadas e quando s\u00e3o exclu\u00eddas, em cumprimento a LGPD (Lei Geral de Prote\u00e7\u00e3o de Dados), Lei n\u00ba 13.709, de 14 de Agosto de 2018, cuja nova reda\u00e7\u00e3o entrou em vig\u00eancia atrav\u00e9s da Lei n.\u00ba 13.853\/19, al\u00e9m da Lei Federal n.\u00ba 12.965 de 23 de abril de 2014 (Marco Civil da Internet) e com o Regulamento EU n.\u00ba 2016\/679 de 27 de abril de 2016 (Regulamento Geral Europeu de Prote\u00e7\u00e3o de Dados Pessoais &#8211; RGPD).<\/p><p>1.2 A aceita\u00e7\u00e3o desta Pol\u00edtica de Privacidade se dar\u00e1 quando voc\u00ea utilizar os servi\u00e7os oferecidos pelo IK PONTO APP, manifestando consentimento livre, expresso e informado. N\u00e3o use o aplicativo IK PONTO APP caso n\u00e3o concorde com esta Pol\u00edtica de Privacidade ou qualquer outro acordo que reja o uso dele. Caso reste alguma d\u00favida, entre em contato conosco pelos canais de contato que est\u00e3o dispon\u00edveis no site.<\/p><p><b>2- DIREITOS DO USU\u00c1RIO<\/b><\/p><p><br><\/p><p>2.1 Os respons\u00e1veis pelo aplicativo IK PONTO APP se comprometem a cumprir as normas previstas no LGPD, em respeito aos seguintes princ\u00edpios:<\/p><p>Licitude, lealdade e transpar\u00eancia: os dados pessoais do usu\u00e1rio ser\u00e3o processados de forma l\u00edcita, leal e transparente.<\/p><p>Limita\u00e7\u00e3o das finalidades: os dados pessoais do usu\u00e1rio ser\u00e3o coletados apenas para finalidades determinadas, expl\u00edcitas e leg\u00edtimas, n\u00e3o podendo ser tratados posteriormente de uma forma incompat\u00edvel com essas finalidades.<\/p><p>Minimiza\u00e7\u00e3o dos dados: os dados pessoais do usu\u00e1rio ser\u00e3o coletados de forma adequada, pertinente e limitada \u00e0s necessidades do objetivo para os quais eles s\u00e3o processados.<\/p><p>Exatid\u00e3o: os dados pessoais do usu\u00e1rio ser\u00e3o exatos e atualizados sempre que necess\u00e1rio, de maneira que aqueles considerados inexatos sejam apagados ou retificados quando poss\u00edvel.<\/p><p>Limita\u00e7\u00e3o da conserva\u00e7\u00e3o: Os dados pessoais do usu\u00e1rio ser\u00e3o conservados de uma forma que permita a identifica\u00e7\u00e3o dos seus titulares apenas durante o per\u00edodo necess\u00e1rio conforme as finalidades para as quais s\u00e3o tratados.<\/p><p>Integridade e confidencialidade: os dados pessoais do usu\u00e1rio ser\u00e3o tratados de forma segura, protegidos de interven\u00e7\u00f5es n\u00e3o autorizadas ou il\u00edcitas e contra a sua perda, destrui\u00e7\u00e3o ou danifica\u00e7\u00e3o acidental, adotando as medidas t\u00e9cnicas ou organizativas adequadas.<\/p><p>2.2 O usu\u00e1rio do software possui os seguintes direitos, conferidos pela Lei de Prote\u00e7\u00e3o de Dados Pessoais e pelo LGPD:<\/p><p>Direito de confirma\u00e7\u00e3o e acesso: \u00e9 o direito do usu\u00e1rio de obter do aplicativo a confirma\u00e7\u00e3o de que os dados pessoais que lhe digam respeito s\u00e3o ou n\u00e3o objeto de tratamento e, se for esse o caso, o direito de acessar os seus dados pessoais;&nbsp;<\/p><p>Direito de retifica\u00e7\u00e3o: \u00e9 o direito do usu\u00e1rio de obter do aplicativo, sem demora injustificada, a retifica\u00e7\u00e3o dos dados pessoais inexatos que lhe digam respeito;&nbsp;<\/p><p>Direito \u00e0 elimina\u00e7\u00e3o dos dados (direito ao esquecimento): \u00e9 o direito do usu\u00e1rio de ter seus dados apagados;<\/p><p>Direito \u00e0 limita\u00e7\u00e3o do tratamento dos dados: \u00e9 o direito do usu\u00e1rio de limitar o tratamento de seus dados pessoais, podendo obt\u00ea-lo quando contestar a exatid\u00e3o das informa\u00e7\u00f5es, quando o tratamento for il\u00edcito, quando o IK PONTO APP n\u00e3o precisar mais dos dados para as finalidades propostas, quando tiver se oposto ao tratamento dos dados e em caso de tratamento de dados desnecess\u00e1rios;&nbsp;<\/p><p>Direito de oposi\u00e7\u00e3o: \u00e9 o direito do usu\u00e1rio de, a qualquer momento, se opor ao tratamento dos dados pessoais que lhe digam respeito por motivos relacionados \u00e0 sua situa\u00e7\u00e3o particular, podendo se opor ainda ao uso de seus dados pessoais para defini\u00e7\u00e3o de perfil de marketing (profiling);&nbsp;<\/p><p>Direito de portabilidade dos dados: \u00e9 o direito do usu\u00e1rio de receber os dados pessoais que lhe digam respeito e que tenha fornecido para empresa, num formato estruturado, de uso corrente e de leitura autom\u00e1tica, e o direito de transmitir esses dados a outras empresas;&nbsp;<\/p><p>Direito de n\u00e3o ser submetido a decis\u00f5es automatizadas: \u00e9 o direito do usu\u00e1rio de n\u00e3o ficar sujeito a nenhuma decis\u00e3o tomada exclusivamente com base no tratamento automatizado, incluindo a defini\u00e7\u00e3o de perfis (profiling), que produza efeitos na sua esfera jur\u00eddica ou que o afete significativamente de forma similar.<\/p><p>2.3 O usu\u00e1rio poder\u00e1 exercer os seus direitos por meio de comunica\u00e7\u00e3o escrita enviada \u00e0 empresa atrav\u00e9s dos canais de comunica\u00e7\u00e3o presentes no site da Infokings com o assunto &#8220;LGPD &#8211; E MAIL&#8221;, especificando:&nbsp;<\/p><p>Nome completo ou raz\u00e3o social, n\u00famero do CPF (Cadastro de Pessoas F\u00edsicas, da Receita Federal do Brasil) ou CNPJ (Cadastro Nacional de Pessoa Jur\u00eddica, da Receita Federal do Brasil) e endere\u00e7o de e-mail do usu\u00e1rio e, se for o caso, do seu representante;<\/p><p>Direito que deseja exercer junto a empresa;<\/p><p>Data do pedido e assinatura do usu\u00e1rio;<\/p><p>Todo documento que possa demonstrar ou justificar o exerc\u00edcio de seu direito;<\/p><p>O usu\u00e1rio ser\u00e1 informado em caso de retifica\u00e7\u00e3o ou elimina\u00e7\u00e3o dos seus dados.<\/p><p>&nbsp;<\/p><p><br><\/p><p><br><\/p><p><br><\/p><p><b>DEVER DE N\u00c3O FORNECER DADOS DE TERCEIROS<\/b><\/p><p><br><\/p><p>3.1 Durante a utiliza\u00e7\u00e3o do IK PONTO APP, a fim de resguardar e de proteger os direitos de terceiros, o usu\u00e1rio dever\u00e1 fornecer somente seus dados pessoais, e n\u00e3o os de terceiros.<\/p><p>&nbsp;<\/p><p><b>INFORMA\u00c7\u00d5ES COLETADAS&nbsp;<\/b><\/p><p><br><\/p><p>4.1 A coleta de dados dos usu\u00e1rios se dar\u00e1 em conformidade com o disposto nesta Pol\u00edtica de Privacidade e depender\u00e1 do consentimento do usu\u00e1rio, sendo este dispens\u00e1vel somente nas hip\u00f3teses previstas no art.11, inciso II, da Lei de Prote\u00e7\u00e3o de Dados Pessoais.<\/p><p>&nbsp;<\/p><p>4.1.1 Tipos de dados coletados<\/p><p><br><\/p><p>4.1.1.1 Dados de identifica\u00e7\u00e3o do usu\u00e1rio para realiza\u00e7\u00e3o de cadastro<\/p><p>A utiliza\u00e7\u00e3o dos servi\u00e7os do aplicativo pelo usu\u00e1rio depender\u00e1 de cadastro, sendo que, nestes casos, os seguintes dados poder\u00e3o, conforme o caso, ser coletados e armazenados: Nome, CPF, telefone e e-mail. A coleta dos referidos dados serve para uso do aplicativo IK PONTO APP para marca\u00e7\u00e3o de ponto, n\u00e3o sendo utilizada para nenhum outro fim al\u00e9m deste.<\/p><p>&nbsp;<\/p><p>4.1.1.2 Registros de acesso<\/p><p>&nbsp;<span style=\"white-space:pre\">\t<\/span>Em atendimento \u00e0s disposi\u00e7\u00f5es do art. 15, caput e par\u00e1grafos, da Lei Federal n\u00ba 12.965\/2014 (Marco Civil da Internet), os registros de acesso do usu\u00e1rio ser\u00e3o coletados e armazenados por, pelo menos, seis meses.<\/p><p>&nbsp;<\/p><p>4.1.1.3 Dados sens\u00edveis&nbsp;<\/p><p>Ser\u00e3o coletados dados sens\u00edveis dos usu\u00e1rios, assim entendidos aqueles definidos nos arts. 9\u00ba e 10 da LGPD e nos arts. 11 e seguintes da Lei Geral de Prote\u00e7\u00e3o de Dados Pessoais, especialmente no tocante a reconhecimento biom\u00e9trico, essencial para presta\u00e7\u00e3o do servi\u00e7o.<\/p><p>N\u00e3o haver\u00e1 coleta das seguintes informa\u00e7\u00f5es: dados que revelem a origem racial ou \u00e9tnica, as opini\u00f5es pol\u00edticas, as convic\u00e7\u00f5es religiosas ou filos\u00f3ficas, ou a filia\u00e7\u00e3o sindical do usu\u00e1rio, dados gen\u00e9ticos, dados relativos \u00e0 sa\u00fade do usu\u00e1rio, dados relativos \u00e0 vida sexual ou \u00e0 orienta\u00e7\u00e3o sexual do usu\u00e1rio, dados relacionados a condena\u00e7\u00f5es penais ou a infra\u00e7\u00f5es ou com medidas de seguran\u00e7a conexas.<\/p><p>&nbsp;<\/p><p>4.1.1.4 Coleta de dados n\u00e3o previstos expressamente&nbsp;<\/p><p><br><\/p><p>Eventualmente, outros tipos de dados n\u00e3o previstos expressamente nesta Pol\u00edtica de Privacidade poder\u00e3o ser coletados, desde que sejam fornecidos com o consentimento do usu\u00e1rio, ou, ainda, que a coleta seja permitida ou imposta por lei.<\/p><p>&nbsp;<\/p><p>4.1.2 Fundamento jur\u00eddico para o tratamento dos dados pessoais&nbsp;<\/p><p><br><\/p><p>Ao utilizar o aplicativo, o usu\u00e1rio est\u00e1 consentindo esta Pol\u00edtica de Privacidade. O usu\u00e1rio tem o direito de retirar seu consentimento a qualquer momento, n\u00e3o comprometendo a licitude do tratamento de seus dados pessoais antes da retirada. A retirada do consentimento poder\u00e1 ser feita atrav\u00e9s dos canais de contato presentes no site. O consentimento dos relativamente ou absolutamente incapazes, especialmente de crian\u00e7as menores de 16 (dezesseis) anos, apenas poder\u00e1 ser feito, respectivamente, se devidamente assistidos ou representados.<\/p><p>&nbsp;<span style=\"white-space:pre\">\t<\/span>Poder\u00e3o ainda ser coletados dados pessoais necess\u00e1rios para a execu\u00e7\u00e3o e cumprimento dos servi\u00e7os contratados pelo usu\u00e1rio. O tratamento de dados pessoais sem o consentimento do usu\u00e1rio apenas ser\u00e1 realizado em raz\u00e3o de interesse leg\u00edtimo ou para as hip\u00f3teses previstas em lei, ou seja, dentre outras, as seguintes:&nbsp;<\/p><p>Para o cumprimento de obriga\u00e7\u00e3o legal ou regulat\u00f3ria pelo controlador;<\/p><p>Para a realiza\u00e7\u00e3o de estudos por \u00f3rg\u00e3o de pesquisa, garantida, sempre que poss\u00edvel, a anonimiza\u00e7\u00e3o dos dados pessoais;<\/p><p>Quando necess\u00e1rio para a execu\u00e7\u00e3o de contrato ou de procedimentos preliminares relacionados a contrato do qual seja parte o usu\u00e1rio, a pedido do titular dos dados;<\/p><p>Para o exerc\u00edcio regular de direitos em processo judicial, administrativo ou arbitral, esse \u00faltimo nos termos da Lei n\u00ba 9.307, de 23 de setembro de 1996 (Lei de Arbitragem);<\/p><p>Para a prote\u00e7\u00e3o da vida ou da incolumidade f\u00edsica do titular dos dados ou de terceiros;<\/p><p>Para a tutela da sa\u00fade, em procedimento realizado por profissionais da \u00e1rea da sa\u00fade ou por entidades sanit\u00e1rias;<\/p><p>Quando necess\u00e1rio para atender aos interesses leg\u00edtimos do controlador ou de terceiros, exceto no caso de prevalecer em direitos e liberdades fundamentais do titular que exijam a prote\u00e7\u00e3o dos dados pessoais;<\/p><p>Para a prote\u00e7\u00e3o do cr\u00e9dito, inclusive quanto ao disposto na legisla\u00e7\u00e3o pertinente.<\/p><p>&nbsp;<\/p><p>4.1.3 Finalidades do tratamento dos dados pessoais<\/p><p>&nbsp;Os dados pessoais coletados pela empresa t\u00eam por finalidade facilitar, agilizar e cumprir os compromissos estabelecidos com o usu\u00e1rio e fazer cumprir as solicita\u00e7\u00f5es realizadas por meio do preenchimento de formul\u00e1rios. Eles poder\u00e3o ser utilizados tamb\u00e9m com uma finalidade comercial, como para dar subs\u00eddio a empresa a fim de melhorar a qualidade e funcionamento de seus servi\u00e7os.<\/p><p>&nbsp;<span style=\"white-space:pre\">\t<\/span>Os dados de cadastro ser\u00e3o utilizados para permitir ao usu\u00e1rio o acesso aos servi\u00e7os ofertados pelo IK PONTO APP com a finalidade de conferir \u00e0s partes seguran\u00e7a jur\u00eddica, al\u00e9m de facilitar e viabilizar a conclus\u00e3o do neg\u00f3cio.<\/p><p>&nbsp;<span style=\"white-space:pre\">\t<\/span>O tratamento de dados pessoais para finalidades n\u00e3o previstas nesta Pol\u00edtica de Privacidade somente ocorrer\u00e1 mediante comunica\u00e7\u00e3o pr\u00e9via ao usu\u00e1rio, sendo que, em qualquer caso, os direitos e obriga\u00e7\u00f5es aqui previstos permanecer\u00e3o aplic\u00e1veis.<\/p><p>&nbsp;<\/p><p>4.1.4 Prazo de conserva\u00e7\u00e3o dos dados pessoais<\/p><p><br><\/p><p>&nbsp;<span style=\"white-space:pre\">\t<\/span>Os dados pessoais do usu\u00e1rio ser\u00e3o conservados por um per\u00edodo n\u00e3o superior ao exigido para cumprir os objetivos em raz\u00e3o dos quais eles s\u00e3o processados. O per\u00edodo de conserva\u00e7\u00e3o dos dados \u00e9 definido de acordo com os seguintes crit\u00e9rios:&nbsp;<\/p><p>Os dados ser\u00e3o armazenados pelo tempo necess\u00e1rio para a presta\u00e7\u00e3o dos servi\u00e7os fornecidos pelo IK PONTO APP, que pode variar de acordo com a frequ\u00eancia de utiliza\u00e7\u00e3o do servi\u00e7o por parte do usu\u00e1rio.<\/p><p>Os dados pessoais dos usu\u00e1rios apenas poder\u00e3o ser conservados ap\u00f3s o t\u00e9rmino de seu tratamento nas seguintes hip\u00f3teses:&nbsp;<\/p><p>Para o cumprimento de obriga\u00e7\u00e3o legal ou regulat\u00f3ria pelo controlador;<\/p><p>Para estudo por \u00f3rg\u00e3o de pesquisa, garantida, sempre que poss\u00edvel, a anonimiza\u00e7\u00e3o dos dados pessoais;<\/p><p>Para a transfer\u00eancia a terceiro, desde que respeitados os requisitos de tratamento de dados dispostos na legisla\u00e7\u00e3o;<\/p><p>Para uso exclusivo do controlador, vedado seu acesso por terceiro, e desde que anonimizados os dados.<\/p><p>&nbsp;<\/p><p>4.15. Destinat\u00e1rios e transfer\u00eancia dos dados pessoais<\/p><p><br><\/p><p>&nbsp;<span style=\"white-space:pre\">\t<\/span>Os dados pessoais do usu\u00e1rio n\u00e3o ser\u00e3o compartilhados com terceiros. Ser\u00e3o, portanto, tratados apenas pelo IK PONTO APP.<\/p><p>&nbsp;<\/p><p><b>SEGURAN\u00c7A NO TRATAMENTO DOS DADOS PESSOAIS DO USU\u00c1RIO<\/b><\/p><p><br><\/p><p>Nos comprometemos a aplicar as medidas t\u00e9cnicas e organizativas aptas a proteger os dados pessoais de acessos n\u00e3o autorizados e de situa\u00e7\u00f5es de destrui\u00e7\u00e3o, perda, altera\u00e7\u00e3o, comunica\u00e7\u00e3o ou difus\u00e3o de tais dados. Para a garantia da seguran\u00e7a, ser\u00e3o adotadas solu\u00e7\u00f5es que levem em considera\u00e7\u00e3o: as t\u00e9cnicas adequadas, os custos de aplica\u00e7\u00e3o, a natureza, o \u00e2mbito, o contexto e as finalidades do tratamento e os riscos para os direitos e liberdades do usu\u00e1rio.<\/p><p>Todos os dados do aplicativo IK PONTO APP s\u00e3o hospedados em estruturas de servidores em nuvem que seguem todas as normas de seguran\u00e7a de um Data Center o que garante que os dados pessoais se transmitam de forma segura e confidencial.<\/p><p>No entanto, nos eximimos de responsabilidades por culpa exclusiva de terceiros, como em caso de ataque de hackers ou crackers, ou culpa exclusiva do usu\u00e1rio, como no caso em que ele mesmo transfere seus dados a terceiro. Nos comprometemos, ainda, a comunicar o usu\u00e1rio em prazo adequado caso ocorra algum tipo de viola\u00e7\u00e3o da seguran\u00e7a de seus dados pessoais que possa lhe causar um alto risco para seus direitos e liberdades pessoais.<\/p><p>A viola\u00e7\u00e3o de seguran\u00e7a dos dados pessoais \u00e9 aquela que provoque, de modo acidental ou il\u00edcito, a destrui\u00e7\u00e3o, a perda, a altera\u00e7\u00e3o, a divulga\u00e7\u00e3o ou o acesso n\u00e3o autorizado a dados pessoais transmitidos, conservados ou sujeitos a qualquer outro tipo de tratamento.&nbsp;<\/p><p>Por fim, nos comprometemos a tratar os dados pessoais do usu\u00e1rio com confidencialidade, dentro dos limites legais.<\/p><p><br><\/p><p><br><\/p><p><br><\/p><p><b>RECLAMA\u00c7\u00c3O A UMA AUTORIDADE DE CONTROLE<\/b><\/p><p><br><\/p><p>&nbsp;<span style=\"white-space:pre\">\t<\/span> Sem preju\u00edzo de qualquer outra via de recurso administrativo ou judicial, todos os titulares de dados t\u00eam direito a apresentar reclama\u00e7\u00e3o a uma autoridade de controle. A reclama\u00e7\u00e3o poder\u00e1 ser feita \u00e0 autoridade da sede da empresa, do pa\u00eds de resid\u00eancia habitual do usu\u00e1rio, do seu local de trabalho ou do local onde foi alegadamente praticada a infra\u00e7\u00e3o.<\/p><p>7-&nbsp; DAS ALTERA\u00c7\u00d5ES<\/p><p><br><\/p><p>&nbsp;7.1 A presente vers\u00e3o desta Pol\u00edtica de Privacidade foi atualizada pela \u00faltima vez em: 01\/11\/2023.<\/p><p>&nbsp;7.2 A empresa se reserva o direito de modificar, a qualquer momento e sem qualquer aviso pr\u00e9vio, as presentes normas, especialmente para adapt\u00e1-las \u00e0s evolu\u00e7\u00f5es do servi\u00e7o oferecido, seja pela disponibiliza\u00e7\u00e3o de novas funcionalidades, seja pela supress\u00e3o ou modifica\u00e7\u00e3o daquelas j\u00e1 existentes ou ainda para atender \u00e0 evolu\u00e7\u00e3o da legisla\u00e7\u00e3o vigente.<\/p><p>7.3 Dessa forma, convidamos o usu\u00e1rio a consultar periodicamente esta p\u00e1gina para verificar as atualiza\u00e7\u00f5es.<\/p><p>&nbsp;7.4 Ao utilizar o servi\u00e7o ap\u00f3s eventuais modifica\u00e7\u00f5es, o usu\u00e1rio demonstra sua concord\u00e2ncia com as novas normas. Caso discorde de alguma das modifica\u00e7\u00f5es, dever\u00e1 pedir, imediatamente, o cancelamento de sua conta e apresentar a sua ressalva ao servi\u00e7o de atendimento, se assim o desejar.<\/p><p><b>8 DO FORO DE ELEI\u00c7\u00c3O<\/b><\/p><p><br><\/p><p>8.1 Fica eleito, para dirimir eventuais d\u00favidas e resolver os conflitos oriundos deste contrato, o foro da Cidade de Rio de Janeiro, no Estado do Rio de Janeiro, com ren\u00fancia a qualquer outro, por mais privilegiado que seja salvo os usu\u00e1rios que se enquadrem no conceito legal de consumidor e optem pela prerrogativa legal.&nbsp;<\/p><p><br><\/p><p><b>9 DAS DISPOSI\u00c7\u00d5ES FINAIS<\/b><\/p><p><br><\/p><p>9.1 Este Acordo ser\u00e1 regido pelas leis do Brasil e atende ao sistema legal brasileiro, aos princ\u00edpios gerais de direito e \u00e0s normas internacionais de com\u00e9rcio eletr\u00f4nico.<\/p><p>9.2 Caso o usu\u00e1rio n\u00e3o concorde com determinada cl\u00e1usula deste acordo, e obtenha judicialmente a nulidade dela, os demais dispositivos n\u00e3o ser\u00e3o prejudicados e permanecer\u00e3o em vigor.<\/p><p>AO UTILIZAR NOSSOS SERVI\u00c7OS VOC\u00ca CONCORDA QUE LEU E COMPREENDEU AS POL\u00cdTICAS DE PRIVACIDADE DO APLICATIVO IK PONTO APP E EST\u00c1 CIENTE DE SEU INTEIRO TEOR, ACEITANDO SUAS CONDI\u00c7\u00d5ES.<\/p>\n<p><!-- \/wp:paragraph --><\/p>\t\t\t\t\t<\/div>\n\t\t\t\t\t\t<\/div>\n\t\t\t\t<\/div>\n\t\t\t\t\t\t<\/div>\n\t\t\t\t\t<\/div>\n\t\t<\/div>\n\t\t\t\t\t\t\t\t<\/div>\n\t\t\t\t\t<\/div>\n\t\t<\/section>\n\t\t\t\t\t\t\t\t\t<\/div>\n\t\t\t<\/div>\n\t\t\t\t\t<\/div>\n\t\t","protected":false},"excerpt":{"rendered":"<p>Termos e Condi\u00e7\u00f5es de Uso Infokings Fazer download POL\u00cdTICAS DE PRIVACIDADE&nbsp; DO&nbsp; APLICATIVO&nbsp; IK PONTO APP Atualizado em: 01\/11\/2023 Estas Pol\u00edticas de Privacidade aplicam-se aos servi\u00e7os de controle de ponto prestados pela pessoa jur\u00eddica INFOKINGS SISTEMAS DE PONTO E ACESSO LTDA, regulamente inscrita no CNPJ n.\u00ba 12.004.232\/0001-05, com sede na Rua Rep\u00fablica do L\u00edbano, 61, [&hellip;]<\/p>\n","protected":false},"author":1,"featured_media":0,"parent":0,"menu_order":0,"comment_status":"closed","ping_status":"open","template":"elementor_header_footer","meta":{"_joinchat":[],"footnotes":""},"class_list":["post-3","page","type-page","status-publish","hentry"],"_links":{"self":[{"href":"http:\/\/infokings.com.br\/lp\/wp-json\/wp\/v2\/pages\/3","targetHints":{"allow":["GET"]}}],"collection":[{"href":"http:\/\/infokings.com.br\/lp\/wp-json\/wp\/v2\/pages"}],"about":[{"href":"http:\/\/infokings.com.br\/lp\/wp-json\/wp\/v2\/types\/page"}],"author":[{"embeddable":true,"href":"http:\/\/infokings.com.br\/lp\/wp-json\/wp\/v2\/users\/1"}],"replies":[{"embeddable":true,"href":"http:\/\/infokings.com.br\/lp\/wp-json\/wp\/v2\/comments?post=3"}],"version-history":[{"count":36,"href":"http:\/\/infokings.com.br\/lp\/wp-json\/wp\/v2\/pages\/3\/revisions"}],"predecessor-version":[{"id":6178,"href":"http:\/\/infokings.com.br\/lp\/wp-json\/wp\/v2\/pages\/3\/revisions\/6178"}],"wp:attachment":[{"href":"http:\/\/infokings.com.br\/lp\/wp-json\/wp\/v2\/media?parent=3"}],"curies":[{"name":"wp","href":"https:\/\/api.w.org\/{rel}","templated":true}]}}