{"id":2662,"date":"2023-07-25T07:27:23","date_gmt":"2023-07-25T10:27:23","guid":{"rendered":"http:\/\/infokings.com.br\/lp\/?page_id=2662"},"modified":"2023-09-29T20:27:21","modified_gmt":"2023-09-29T23:27:21","slug":"sobre-nos","status":"publish","type":"page","link":"http:\/\/infokings.com.br\/lp\/sobre-nos\/","title":{"rendered":"Sobre n\u00f3s"},"content":{"rendered":"\t\t<div data-elementor-type=\"wp-page\" data-elementor-id=\"2662\" class=\"elementor elementor-2662\" data-elementor-post-type=\"page\">\n\t\t\t\t\t\t<div class=\"elementor-inner\">\n\t\t\t\t<div class=\"elementor-section-wrap\">\n\t\t\t\t\t\t\t\t\t<section class=\"elementor-section elementor-top-section elementor-element elementor-element-ef0a82d elementor-section-full_width elementor-section-height-default elementor-section-height-default\" data-id=\"ef0a82d\" data-element_type=\"section\">\n\t\t\t\t\t\t<div class=\"elementor-container elementor-column-gap-no\">\n\t\t\t\t\t\t\t<div class=\"elementor-row\">\n\t\t\t\t\t<div class=\"elementor-column elementor-col-100 elementor-top-column elementor-element elementor-element-56be401\" data-id=\"56be401\" data-element_type=\"column\">\n\t\t\t<div class=\"elementor-column-wrap elementor-element-populated\">\n\t\t\t\t\t\t\t<div class=\"elementor-widget-wrap\">\n\t\t\t\t\t\t<div class=\"elementor-element elementor-element-b3c9641 elementor--h-position-center elementor--v-position-middle elementor-widget elementor-widget-slides\" data-id=\"b3c9641\" data-element_type=\"widget\" data-settings=\"{&quot;transition&quot;:&quot;fade&quot;,&quot;navigation&quot;:&quot;none&quot;,&quot;autoplay&quot;:&quot;yes&quot;,&quot;pause_on_hover&quot;:&quot;yes&quot;,&quot;pause_on_interaction&quot;:&quot;yes&quot;,&quot;autoplay_speed&quot;:5000,&quot;infinite&quot;:&quot;yes&quot;,&quot;transition_speed&quot;:500}\" data-widget_type=\"slides.default\">\n\t\t\t\t<div class=\"elementor-widget-container\">\n\t\t\t\t\t<div class=\"elementor-swiper\">\n\t\t\t<div class=\"elementor-slides-wrapper elementor-main-swiper swiper-container\" dir=\"ltr\" data-animation=\"fadeInUp\">\n\t\t\t\t<div class=\"swiper-wrapper elementor-slides\">\n\t\t\t\t\t\t\t\t\t\t<div class=\"elementor-repeater-item-c72b3b3 swiper-slide\"><div class=\"swiper-slide-bg elementor-ken-burns elementor-ken-burns--in\" role=\"img\"><\/div><div class=\"elementor-background-overlay\"><\/div><div class=\"swiper-slide-inner\" ><div class=\"swiper-slide-contents\"><div class=\"elementor-slide-heading\">Sobre n\u00f3s<\/div><div class=\"elementor-slide-description\">22 anos de experi\u00eancia em controle de ponto e acesso<\/div><\/div><\/div><\/div>\t\t\t\t<\/div>\n\t\t\t\t\t\t\t<\/div>\n\t\t<\/div>\n\t\t\t\t<\/div>\n\t\t\t\t<\/div>\n\t\t\t\t\t\t<\/div>\n\t\t\t\t\t<\/div>\n\t\t<\/div>\n\t\t\t\t\t\t\t\t<\/div>\n\t\t\t\t\t<\/div>\n\t\t<\/section>\n\t\t<div class=\"elementor-element elementor-element-9beaf6f e-flex e-con-boxed e-con\" data-id=\"9beaf6f\" data-element_type=\"container\" data-settings=\"{&quot;content_width&quot;:&quot;boxed&quot;}\">\n\t\t\t\t\t<div class=\"e-con-inner\">\n\t\t\t\t<div class=\"elementor-element elementor-element-1a71711 elementor-widget elementor-widget-heading\" data-id=\"1a71711\" data-element_type=\"widget\" data-widget_type=\"heading.default\">\n\t\t\t\t<div class=\"elementor-widget-container\">\n\t\t\t<h2 class=\"elementor-heading-title elementor-size-default\">Quem somos<\/h2>\t\t<\/div>\n\t\t\t\t<\/div>\n\t\t\t\t<div class=\"elementor-element elementor-element-4b78420 elementor-widget elementor-widget-text-editor\" data-id=\"4b78420\" data-element_type=\"widget\" data-widget_type=\"text-editor.default\">\n\t\t\t\t<div class=\"elementor-widget-container\">\n\t\t\t\t\t\t\t\t<div class=\"elementor-text-editor elementor-clearfix\">\n\t\t\t\tSomos uma institui\u00e7\u00e3o com 23 anos, localizada no centro do Rio de Janeiro, atendemos todo o estado e territ\u00f3rio nacional. Por nos importamos e estarmos atentos aos desafios apresentados por nossos clientes, oferecemos solu\u00e7\u00f5es inteligentes visando resolver problemas de gest\u00e3o de pessoas e acesso atrav\u00e9s de Softwares personalizados e funcionais. Como revendedores certificados das renomadas empresas Topdata e Control iD, oferecemos produtos (controles de ponto e acesso) e servi\u00e7os completos, desde a instala\u00e7\u00e3o at\u00e9 a assist\u00eancia t\u00e9cnica humanizada.\t\t\t\t\t<\/div>\n\t\t\t\t\t\t<\/div>\n\t\t\t\t<\/div>\n\t\t\t\t<div class=\"elementor-element elementor-element-e1cf0bf elementor-widget elementor-widget-heading\" data-id=\"e1cf0bf\" data-element_type=\"widget\" data-widget_type=\"heading.default\">\n\t\t\t\t<div class=\"elementor-widget-container\">\n\t\t\t<h2 class=\"elementor-heading-title elementor-size-default\">Sistemas<\/h2>\t\t<\/div>\n\t\t\t\t<\/div>\n\t\t\t\t<div class=\"elementor-element elementor-element-4d6c66f elementor-widget elementor-widget-text-editor\" data-id=\"4d6c66f\" data-element_type=\"widget\" data-widget_type=\"text-editor.default\">\n\t\t\t\t<div class=\"elementor-widget-container\">\n\t\t\t\t\t\t\t\t<div class=\"elementor-text-editor elementor-clearfix\">\n\t\t\t\tComo desenvolvedores de sistemas, para n\u00f3s, criar facilidades \u00e9 primordial. Nosso compromisso \u00e9 fornecer solu\u00e7\u00f5es eficientes que simplifiquem o controle de acesso e o gerenciamento de ponto dos seus colaboradores.\t\t\t\t\t<\/div>\n\t\t\t\t\t\t<\/div>\n\t\t\t\t<\/div>\n\t\t\t\t<div class=\"elementor-element elementor-element-ce3b1bd elementor-widget elementor-widget-heading\" data-id=\"ce3b1bd\" data-element_type=\"widget\" data-widget_type=\"heading.default\">\n\t\t\t\t<div class=\"elementor-widget-container\">\n\t\t\t<h2 class=\"elementor-heading-title elementor-size-default\">Por que nos escolher?<\/h2>\t\t<\/div>\n\t\t\t\t<\/div>\n\t\t\t\t<div class=\"elementor-element elementor-element-647ca8a elementor-widget elementor-widget-text-editor\" data-id=\"647ca8a\" data-element_type=\"widget\" data-widget_type=\"text-editor.default\">\n\t\t\t\t<div class=\"elementor-widget-container\">\n\t\t\t\t\t\t\t\t<div class=\"elementor-text-editor elementor-clearfix\">\n\t\t\t\tAo escolher a InfoKings, voc\u00ea ter\u00e1 acesso a um suporte especializado e personalizado. Nossa equipe estar\u00e1 sempre dispon\u00edvel para oferecer assist\u00eancia r\u00e1pida e eficiente, garantindo que suas necessidades sejam atendidas de forma satisfat\u00f3ria.\t\t\t\t\t<\/div>\n\t\t\t\t\t\t<\/div>\n\t\t\t\t<\/div>\n\t\t\t\t\t<\/div>\n\t\t\t\t<\/div>\n\t\t<div class=\"elementor-element elementor-element-067f303 e-flex e-con-boxed e-con\" data-id=\"067f303\" data-element_type=\"container\" data-settings=\"{&quot;content_width&quot;:&quot;boxed&quot;}\">\n\t\t\t\t\t<div class=\"e-con-inner\">\n\t\t<div class=\"elementor-element elementor-element-87e8f59 e-con-full e-flex e-con\" data-id=\"87e8f59\" data-element_type=\"container\" data-settings=\"{&quot;content_width&quot;:&quot;full&quot;}\">\n\t\t\t\t<div class=\"elementor-element elementor-element-4d0688c elementor-widget elementor-widget-heading\" data-id=\"4d0688c\" data-element_type=\"widget\" data-widget_type=\"heading.default\">\n\t\t\t\t<div class=\"elementor-widget-container\">\n\t\t\t<h2 class=\"elementor-heading-title elementor-size-default\">Miss\u00e3o\n<\/h2>\t\t<\/div>\n\t\t\t\t<\/div>\n\t\t\t\t<div class=\"elementor-element elementor-element-bf2dcef elementor-widget elementor-widget-text-editor\" data-id=\"bf2dcef\" data-element_type=\"widget\" data-widget_type=\"text-editor.default\">\n\t\t\t\t<div class=\"elementor-widget-container\">\n\t\t\t\t\t\t\t\t<div class=\"elementor-text-editor elementor-clearfix\">\n\t\t\t\tSolu\u00e7\u00f5es Eficientes para gest\u00e3o de pessoas: Excedendo Expectativas com Efici\u00eancia e Confian\u00e7a!\n\t\t\t\t\t<\/div>\n\t\t\t\t\t\t<\/div>\n\t\t\t\t<\/div>\n\t\t\t\t<\/div>\n\t\t<div class=\"elementor-element elementor-element-4fb0f60 e-con-full e-flex e-con\" data-id=\"4fb0f60\" data-element_type=\"container\" data-settings=\"{&quot;content_width&quot;:&quot;full&quot;}\">\n\t\t\t\t<div class=\"elementor-element elementor-element-97b9c72 elementor-widget elementor-widget-heading\" data-id=\"97b9c72\" data-element_type=\"widget\" data-widget_type=\"heading.default\">\n\t\t\t\t<div class=\"elementor-widget-container\">\n\t\t\t<h2 class=\"elementor-heading-title elementor-size-default\">Vis\u00e3o<\/h2>\t\t<\/div>\n\t\t\t\t<\/div>\n\t\t\t\t<div class=\"elementor-element elementor-element-80778cb elementor-widget elementor-widget-text-editor\" data-id=\"80778cb\" data-element_type=\"widget\" data-widget_type=\"text-editor.default\">\n\t\t\t\t<div class=\"elementor-widget-container\">\n\t\t\t\t\t\t\t\t<div class=\"elementor-text-editor elementor-clearfix\">\n\t\t\t\t<p>Nossa vis\u00e3o \u00e9 proporcionar solu\u00e7\u00f5es inovadoras e confi\u00e1veis, tornando-nos a escolha preferencial para empresas que valorizam a excel\u00eancia em controle de acesso e gest\u00e3o de ponto, n\u00e3o s\u00f3 no Rio de Janeiro, como em todo o pa\u00eds. Otimizando a forma como as organiza\u00e7\u00f5es protegem seus ativos, suas opera\u00e7\u00f5es e impulsionando o crescimento. Com um compromisso inabal\u00e1vel com a inova\u00e7\u00e3o e a excel\u00eancia, oferecemos solu\u00e7\u00f5es de ponta que se adaptam \u00e0s necessidades \u00fanicas de cada cliente.<\/p><p><strong>Refer\u00eancia em Controle de Ponto e Acesso.<\/strong><\/p>\t\t\t\t\t<\/div>\n\t\t\t\t\t\t<\/div>\n\t\t\t\t<\/div>\n\t\t\t\t<\/div>\n\t\t<div class=\"elementor-element elementor-element-3a0ce0f e-con-full e-flex e-con\" data-id=\"3a0ce0f\" data-element_type=\"container\" data-settings=\"{&quot;content_width&quot;:&quot;full&quot;}\">\n\t\t\t\t<div class=\"elementor-element elementor-element-f1f9097 elementor-widget elementor-widget-heading\" data-id=\"f1f9097\" data-element_type=\"widget\" data-widget_type=\"heading.default\">\n\t\t\t\t<div class=\"elementor-widget-container\">\n\t\t\t<h2 class=\"elementor-heading-title elementor-size-default\">Valores\n\n<\/h2>\t\t<\/div>\n\t\t\t\t<\/div>\n\t\t\t\t<div class=\"elementor-element elementor-element-3a9b87e elementor-widget elementor-widget-text-editor\" data-id=\"3a9b87e\" data-element_type=\"widget\" data-widget_type=\"text-editor.default\">\n\t\t\t\t<div class=\"elementor-widget-container\">\n\t\t\t\t\t\t\t\t<div class=\"elementor-text-editor elementor-clearfix\">\n\t\t\t\t<ul><li>Efici\u00eancia<\/li><li>Compet\u00eancia\u00a0<\/li><li>Satisfa\u00e7\u00e3o do Cliente<\/li><\/ul>\t\t\t\t\t<\/div>\n\t\t\t\t\t\t<\/div>\n\t\t\t\t<\/div>\n\t\t\t\t<\/div>\n\t\t\t\t\t<\/div>\n\t\t\t\t<\/div>\n\t\t<div class=\"elementor-element elementor-element-a380339 e-con-full e-flex e-con\" data-id=\"a380339\" data-element_type=\"container\" data-settings=\"{&quot;content_width&quot;:&quot;full&quot;,&quot;background_background&quot;:&quot;classic&quot;}\">\n\t\t<div class=\"elementor-element elementor-element-fbaeb2d e-con-full e-flex e-con\" data-id=\"fbaeb2d\" data-element_type=\"container\" data-settings=\"{&quot;content_width&quot;:&quot;full&quot;}\">\n\t\t\t\t<div class=\"elementor-element elementor-element-9dc85d8 elementor-widget elementor-widget-heading\" data-id=\"9dc85d8\" data-element_type=\"widget\" data-widget_type=\"heading.default\">\n\t\t\t\t<div class=\"elementor-widget-container\">\n\t\t\t<h2 class=\"elementor-heading-title elementor-size-default\">Fa\u00e7a parte do nosso time<\/h2>\t\t<\/div>\n\t\t\t\t<\/div>\n\t\t\t\t<div class=\"elementor-element elementor-element-aa4f519 elementor-widget elementor-widget-heading\" data-id=\"aa4f519\" data-element_type=\"widget\" data-widget_type=\"heading.default\">\n\t\t\t\t<div class=\"elementor-widget-container\">\n\t\t\t<h2 class=\"elementor-heading-title elementor-size-default\">A InfoKings pode te ajudar.<\/h2>\t\t<\/div>\n\t\t\t\t<\/div>\n\t\t\t\t<\/div>\n\t\t\t\t<div class=\"elementor-element elementor-element-1fefbe5 elementor-align-right elementor-mobile-align-center elementor-widget-mobile__width-inherit elementor-widget elementor-widget-button\" data-id=\"1fefbe5\" data-element_type=\"widget\" data-widget_type=\"button.default\">\n\t\t\t\t<div class=\"elementor-widget-container\">\n\t\t\t\t\t<div class=\"elementor-button-wrapper\">\n\t\t\t<a class=\"elementor-button elementor-button-link elementor-size-sm elementor-animation-float\" href=\"mailto:infokingsadm@gmail.com?subject=Vagas&#038;cc=beatricia@infokings.com.br&#038;body\" target=\"_blank\">\n\t\t\t\t\t\t<span class=\"elementor-button-content-wrapper\">\n\t\t\t\t\t\t<span class=\"elementor-button-text\">Envie seu curr\u00edculo<\/span>\n\t\t<\/span>\n\t\t\t\t\t<\/a>\n\t\t<\/div>\n\t\t\t\t<\/div>\n\t\t\t\t<\/div>\n\t\t\t\t<\/div>\n\t\t\t\t\t\t\t\t\t<\/div>\n\t\t\t<\/div>\n\t\t\t\t\t<\/div>\n\t\t","protected":false},"excerpt":{"rendered":"<p>Sobre n\u00f3s22 anos de experi\u00eancia em controle de ponto e acesso Quem somos Somos uma institui\u00e7\u00e3o com 23 anos, localizada no centro do Rio de Janeiro, atendemos todo o estado e territ\u00f3rio nacional. Por nos importamos e estarmos atentos aos desafios apresentados por nossos clientes, oferecemos solu\u00e7\u00f5es inteligentes visando resolver problemas de gest\u00e3o de pessoas [&hellip;]<\/p>\n","protected":false},"author":2,"featured_media":0,"parent":0,"menu_order":0,"comment_status":"closed","ping_status":"closed","template":"elementor_header_footer","meta":{"_joinchat":[],"footnotes":""},"class_list":["post-2662","page","type-page","status-publish","hentry"],"_links":{"self":[{"href":"http:\/\/infokings.com.br\/lp\/wp-json\/wp\/v2\/pages\/2662","targetHints":{"allow":["GET"]}}],"collection":[{"href":"http:\/\/infokings.com.br\/lp\/wp-json\/wp\/v2\/pages"}],"about":[{"href":"http:\/\/infokings.com.br\/lp\/wp-json\/wp\/v2\/types\/page"}],"author":[{"embeddable":true,"href":"http:\/\/infokings.com.br\/lp\/wp-json\/wp\/v2\/users\/2"}],"replies":[{"embeddable":true,"href":"http:\/\/infokings.com.br\/lp\/wp-json\/wp\/v2\/comments?post=2662"}],"version-history":[{"count":12,"href":"http:\/\/infokings.com.br\/lp\/wp-json\/wp\/v2\/pages\/2662\/revisions"}],"predecessor-version":[{"id":6050,"href":"http:\/\/infokings.com.br\/lp\/wp-json\/wp\/v2\/pages\/2662\/revisions\/6050"}],"wp:attachment":[{"href":"http:\/\/infokings.com.br\/lp\/wp-json\/wp\/v2\/media?parent=2662"}],"curies":[{"name":"wp","href":"https:\/\/api.w.org\/{rel}","templated":true}]}}