{"id":2112,"date":"2023-07-23T16:14:52","date_gmt":"2023-07-23T19:14:52","guid":{"rendered":"http:\/\/infokings.com.br\/lp\/?page_id=2112"},"modified":"2023-09-30T13:19:45","modified_gmt":"2023-09-30T16:19:45","slug":"orcamento","status":"publish","type":"page","link":"http:\/\/infokings.com.br\/lp\/orcamento\/","title":{"rendered":"Or\u00e7amento"},"content":{"rendered":"\t\t<div data-elementor-type=\"wp-page\" data-elementor-id=\"2112\" class=\"elementor elementor-2112\" data-elementor-post-type=\"page\">\n\t\t\t\t\t\t<div class=\"elementor-inner\">\n\t\t\t\t<div class=\"elementor-section-wrap\">\n\t\t\t\t\t\t\t\t\t<section class=\"elementor-section elementor-top-section elementor-element elementor-element-4835510 elementor-section-full_width elementor-section-height-default elementor-section-height-default\" data-id=\"4835510\" data-element_type=\"section\">\n\t\t\t\t\t\t<div class=\"elementor-container elementor-column-gap-no\">\n\t\t\t\t\t\t\t<div class=\"elementor-row\">\n\t\t\t\t\t<div class=\"elementor-column elementor-col-100 elementor-top-column elementor-element elementor-element-dde5c6c\" data-id=\"dde5c6c\" data-element_type=\"column\">\n\t\t\t<div class=\"elementor-column-wrap elementor-element-populated\">\n\t\t\t\t\t\t\t<div class=\"elementor-widget-wrap\">\n\t\t\t\t\t\t<div class=\"elementor-element elementor-element-954ec40 elementor--h-position-center elementor--v-position-middle elementor-arrows-position-inside elementor-pagination-position-inside elementor-widget elementor-widget-slides\" data-id=\"954ec40\" data-element_type=\"widget\" data-settings=\"{&quot;transition&quot;:&quot;fade&quot;,&quot;navigation&quot;:&quot;both&quot;,&quot;autoplay&quot;:&quot;yes&quot;,&quot;pause_on_hover&quot;:&quot;yes&quot;,&quot;pause_on_interaction&quot;:&quot;yes&quot;,&quot;autoplay_speed&quot;:5000,&quot;infinite&quot;:&quot;yes&quot;,&quot;transition_speed&quot;:500}\" data-widget_type=\"slides.default\">\n\t\t\t\t<div class=\"elementor-widget-container\">\n\t\t\t\t\t<div class=\"elementor-swiper\">\n\t\t\t<div class=\"elementor-slides-wrapper elementor-main-swiper swiper-container\" dir=\"ltr\" data-animation=\"fadeInUp\">\n\t\t\t\t<div class=\"swiper-wrapper elementor-slides\">\n\t\t\t\t\t\t\t\t\t\t<div class=\"elementor-repeater-item-c72b3b3 swiper-slide\"><div class=\"swiper-slide-bg elementor-ken-burns elementor-ken-burns--in\" role=\"img\"><\/div><div class=\"elementor-background-overlay\"><\/div><div class=\"swiper-slide-inner\" ><div class=\"swiper-slide-contents\"><div class=\"elementor-slide-heading\">Solicite seu or\u00e7amento<\/div><div class=\"elementor-slide-description\">Controle de Ponto e Acesso: Transforme sua empresa. Voc\u00ea est\u00e1 a um passa inova\u00e7\u00e3o na sua empresa.<\/div><\/div><\/div><\/div>\t\t\t\t<\/div>\n\t\t\t\t\t\t\t<\/div>\n\t\t<\/div>\n\t\t\t\t<\/div>\n\t\t\t\t<\/div>\n\t\t\t\t\t\t<\/div>\n\t\t\t\t\t<\/div>\n\t\t<\/div>\n\t\t\t\t\t\t\t\t<\/div>\n\t\t\t\t\t<\/div>\n\t\t<\/section>\n\t\t<div class=\"elementor-element elementor-element-88ce5ac e-flex e-con-boxed e-con\" data-id=\"88ce5ac\" data-element_type=\"container\" data-settings=\"{&quot;background_background&quot;:&quot;classic&quot;,&quot;content_width&quot;:&quot;boxed&quot;}\">\n\t\t\t\t\t<div class=\"e-con-inner\">\n\t\t\t\t<div class=\"elementor-element elementor-element-fad817d elementor-widget elementor-widget-heading\" data-id=\"fad817d\" data-element_type=\"widget\" data-widget_type=\"heading.default\">\n\t\t\t\t<div class=\"elementor-widget-container\">\n\t\t\t<h2 class=\"elementor-heading-title elementor-size-default\">Preencha o formul\u00e1rio abaixo<\/h2>\t\t<\/div>\n\t\t\t\t<\/div>\n\t\t\t\t<div class=\"elementor-element elementor-element-9e2b74c elementor-widget elementor-widget-text-editor\" data-id=\"9e2b74c\" data-element_type=\"widget\" data-widget_type=\"text-editor.default\">\n\t\t\t\t<div class=\"elementor-widget-container\">\n\t\t\t\t\t\t\t\t<div class=\"elementor-text-editor elementor-clearfix\">\n\t\t\t\t<p>Trabalhamos com produtos TOPDATA, a fabricante \u00e9 reconhecida pela qualidade dos seus equipamentos com 23 anos de experi\u00eancia no mercado.<\/p><p>Temos mais de 18 anos de experi\u00eancia no mercado de controle de ponto e acesso, somando mais de 2 mil clientes licenciados e nenhuma reclama\u00e7\u00e3o nos sites:\u00a0<a href=\"https:\/\/www.reclameaqui.com.br\/busca\/?q=Info%20kings\">Reclame Aqui<\/a>\u00a0\/\u00a0<a href=\"https:\/\/www.jusbrasil.com.br\/home\">JusBrasil<\/a>\u00a0\/\u00a0<a href=\"http:\/\/www.procon.rj.gov.br\/\">Procon<\/a><\/p>\t\t\t\t\t<\/div>\n\t\t\t\t\t\t<\/div>\n\t\t\t\t<\/div>\n\t\t\t\t\t<\/div>\n\t\t\t\t<\/div>\n\t\t\t\t<section class=\"elementor-section elementor-top-section elementor-element elementor-element-c40d393 elementor-section-height-min-height elementor-section-boxed elementor-section-height-default elementor-section-items-middle\" data-id=\"c40d393\" data-element_type=\"section\" data-settings=\"{&quot;background_background&quot;:&quot;classic&quot;}\">\n\t\t\t\t\t\t<div class=\"elementor-container elementor-column-gap-default\">\n\t\t\t\t\t\t\t<div class=\"elementor-row\">\n\t\t\t\t\t<div class=\"elementor-column elementor-col-100 elementor-top-column elementor-element elementor-element-f31ad56\" data-id=\"f31ad56\" data-element_type=\"column\" data-settings=\"{&quot;background_background&quot;:&quot;classic&quot;}\">\n\t\t\t<div class=\"elementor-column-wrap elementor-element-populated\">\n\t\t\t\t\t\t\t<div class=\"elementor-widget-wrap\">\n\t\t\t\t\t\t<div class=\"elementor-element elementor-element-91703b4 elementor-widget elementor-widget-jet-form-builder-form\" data-id=\"91703b4\" data-element_type=\"widget\" data-widget_type=\"jet-form-builder-form.default\">\n\t\t\t\t<div class=\"elementor-widget-container\">\n\t\t\t<style id=\"jet-form-builder-2123-inline-css\"><\/style><form  class=\"jet-form-builder layout-column submit-type-reload\" action=\"http:\/\/infokings.com.br\/lp\/wp-json\/wp\/v2\/pages\/2112\/?jet_form_builder_submit=submit&amp;method=reload\" method=\"POST\" data-form-id=\"2123\" data-layout=\"column\" enctype=\"multipart\/form-data\" novalidate=\"\">\r\n<input type=\"hidden\" name=\"_jfb_current_render_states[]\" value=\"DEFAULT.STATE\" data-jfb-sync \/><input type=\"hidden\" class=\"jet-form-builder__field hidden-field\" name=\"_jet_engine_booking_form_id\" data-field-name=\"_jet_engine_booking_form_id\" value=\"2123\">\r\n<input type=\"hidden\" class=\"jet-form-builder__field hidden-field\" name=\"_jet_engine_refer\" data-field-name=\"_jet_engine_refer\" value=\"http:\/\/infokings.com.br\/lp\/wp-json\/wp\/v2\/pages\/2112\">\r\n<input type=\"hidden\" class=\"jet-form-builder__field hidden-field\" name=\"__queried_post_id\" data-field-name=\"__queried_post_id\" value=\"2112\">\r\n\n<input type=\"hidden\" class=\"jet-form-builder__field hidden-field\" name=\"post_link\" data-field-name=\"post_link\" data-jfb-sync=\"\" value=\"http:\/\/infokings.com.br\/lp\/orcamento\/\">\r\n\n\n\n\n<div class=\"wp-block-columns is-layout-flex wp-container-core-columns-is-layout-9d6595d7 wp-block-columns-is-layout-flex\">\n<div class=\"wp-block-column is-layout-flow wp-block-column-is-layout-flow\"><div  class=\"jet-form-builder-row field-type-text-field\" >\n<div class=\"jet-form-builder__label\">\r\n<div class=\"jet-form-builder__label-text\">nome<\/div><\/div><div class=\"jet-form-builder__field-wrap\">\r\n\t<input name=\"nome_orc\" id=\"nome_orc\" type=\"text\" data-field-name=\"nome_orc\" class=\"jet-form-builder__field text-field\" data-jfb-sync=\"\">\r\n<\/div>\n<\/div><\/div>\n\n\n\n<div class=\"wp-block-column is-layout-flow wp-block-column-is-layout-flow\"><div  class=\"jet-form-builder-row field-type-text-field\" >\n<div class=\"jet-form-builder__label\">\r\n<div class=\"jet-form-builder__label-text\">empresa<\/div><\/div><div class=\"jet-form-builder__field-wrap\">\r\n\t<input name=\"empresa_orc\" id=\"empresa_orc\" type=\"text\" data-field-name=\"empresa_orc\" class=\"jet-form-builder__field text-field\" data-jfb-sync=\"\">\r\n<\/div>\n<\/div><\/div>\n<\/div>\n\n\n\n<div class=\"wp-block-columns is-layout-flex wp-container-core-columns-is-layout-9d6595d7 wp-block-columns-is-layout-flex\">\n<div class=\"wp-block-column is-layout-flow wp-block-column-is-layout-flow\"><div  class=\"jet-form-builder-row field-type-text-field\" >\n<div class=\"jet-form-builder__label\">\r\n<div class=\"jet-form-builder__label-text\">E-mail <span class=\"jet-form-builder__required\">*<\/span><\/div><\/div><div class=\"jet-form-builder__field-wrap\">\r\n\t<input required=\"required\" name=\"e_mail_orc\" id=\"e_mail_orc\" type=\"text\" data-field-name=\"e_mail_orc\" class=\"jet-form-builder__field text-field\" data-jfb-sync=\"\">\r\n<\/div>\n<\/div>\n\n\n<div class=\"wp-block-columns is-layout-flex wp-container-core-columns-is-layout-9d6595d7 wp-block-columns-is-layout-flex\">\n<div class=\"wp-block-column is-layout-flow wp-block-column-is-layout-flow\"><div  class=\"jet-form-builder-row field-type-number-field\" >\n<div class=\"jet-form-builder__label\">\r\n<div class=\"jet-form-builder__label-text\">Telefone  <span class=\"jet-form-builder__required\">*<\/span><\/div><\/div><div class=\"jet-form-builder__field-wrap\">\r\n\t<input type=\"number\" class=\"jet-form-builder__field text-field\" required=\"required\" name=\"telefone_orc\" data-field-name=\"telefone_orc\" id=\"telefone_orc\" data-jfb-sync=\"\">\r\n<\/div>\n<\/div><\/div>\n\n\n\n<div class=\"wp-block-column is-layout-flow wp-block-column-is-layout-flow\"><div  class=\"jet-form-builder-row field-type-number-field\" >\n<div class=\"jet-form-builder__label\">\r\n<div class=\"jet-form-builder__label-text\">celular<\/div><\/div><div class=\"jet-form-builder__field-wrap\">\r\n\t<input type=\"number\" class=\"jet-form-builder__field text-field\" name=\"celular_orc\" data-field-name=\"celular_orc\" id=\"celular_orc\" data-jfb-sync=\"\">\r\n<\/div>\n<\/div><\/div>\n<\/div>\n<\/div>\n\n\n\n<div class=\"wp-block-column is-layout-flow wp-block-column-is-layout-flow\"><div  class=\"jet-form-builder-row field-type-text-field\" >\n<div class=\"jet-form-builder__label\">\r\n<div class=\"jet-form-builder__label-text\">cargo <span class=\"jet-form-builder__required\">*<\/span><\/div><\/div><div class=\"jet-form-builder__field-wrap\">\r\n\t<input required=\"required\" name=\"cargo_orc\" id=\"cargo_orc\" type=\"text\" data-field-name=\"cargo_orc\" class=\"jet-form-builder__field text-field\" data-jfb-sync=\"\">\r\n<\/div>\n<\/div>\n\n\n<div class=\"wp-block-columns is-layout-flex wp-container-core-columns-is-layout-9d6595d7 wp-block-columns-is-layout-flex\">\n<div class=\"wp-block-column is-layout-flow wp-block-column-is-layout-flow\"><div  class=\"jet-form-builder-row field-type-select-field wp-block-jet-forms-select-field\">\n<div class=\"jet-form-builder__label\">\r\n<div class=\"jet-form-builder__label-text\">Equipamento<\/div><\/div><div class=\"jet-form-builder__field-wrap\">\r\n\t<select class=\"jet-form-builder__field select-field\" name=\"equipamento_orc\" data-field-name=\"equipamento_orc\" id=\"equipamento_orc\" data-jfb-sync=\"\">\r\n\t\t<option value=\"selecione\" >Selecione<\/option><option value=\"relogio_de_ponto\" >Rel\u00f3gio de ponto<\/option><option value=\"fechadura_eletronica\" >Fechadura Eletr\u00f4nica<\/option><option value=\"catracas\" >Catracas<\/option><option value=\"cancelas\" >Cancelas<\/option><option value=\"controle_de_acesso\" >Controle de acesso<\/option><option value=\"Torniquete\" >Torniquete<\/option>\t<\/select>\r\n<\/div>\n<\/div><\/div>\n\n\n\n<div class=\"wp-block-column is-layout-flow wp-block-column-is-layout-flow\"><div  class=\"jet-form-builder-row field-type-select-field wp-block-jet-forms-select-field\">\n<div class=\"jet-form-builder__label\">\r\n<div class=\"jet-form-builder__label-text\">software<\/div><\/div><div class=\"jet-form-builder__field-wrap\">\r\n\t<select class=\"jet-form-builder__field select-field\" name=\"software_orc\" data-field-name=\"software_orc\" id=\"software_orc\" data-jfb-sync=\"\">\r\n\t\t<option value=\"escolha\" >Selecione<\/option><option value=\"controle_de_ponto\" >Controle de Ponto<\/option><option value=\"controle_de_acesso\" >Controle de Acesso<\/option><option value=\"frequencia_escolar\" >Frequ\u00eancia Escolar<\/option><option value=\"controle_de_refei\u00e7\u00e3o\" >Controle de Refei\u00e7\u00e3o<\/option>\t<\/select>\r\n<\/div>\n<\/div><\/div>\n<\/div>\n<\/div>\n<\/div>\n\n\n\n<h2 class=\"wp-block-heading\">Local de instala\u00e7\u00e3o<\/h2>\n\n\n\n<div class=\"wp-block-columns is-layout-flex wp-container-core-columns-is-layout-9d6595d7 wp-block-columns-is-layout-flex\">\n<div class=\"wp-block-column is-layout-flow wp-block-column-is-layout-flow\"><div  class=\"jet-form-builder-row field-type-text-field\" >\n<div class=\"jet-form-builder__label\">\r\n<div class=\"jet-form-builder__label-text\">Bairro <\/div><\/div><div class=\"jet-form-builder__field-wrap\">\r\n\t<input name=\"bairro_orc\" id=\"bairro_orc\" type=\"text\" data-field-name=\"bairro_orc\" class=\"jet-form-builder__field text-field\" data-jfb-sync=\"\">\r\n<\/div>\n<\/div>\n\n<div  class=\"jet-form-builder-row field-type-text-field\" >\n<div class=\"jet-form-builder__label\">\r\n<div class=\"jet-form-builder__label-text\">Munic\u00edpio<\/div><\/div><div class=\"jet-form-builder__field-wrap\">\r\n\t<input name=\"municpio_orc\" id=\"municpio_orc\" type=\"text\" data-field-name=\"municpio_orc\" class=\"jet-form-builder__field text-field\" data-jfb-sync=\"\">\r\n<\/div>\n<\/div><\/div>\n\n\n\n<div class=\"wp-block-column is-layout-flow wp-block-column-is-layout-flow\"><div  class=\"jet-form-builder-row field-type-text-field\" >\n<div class=\"jet-form-builder__label\">\r\n<div class=\"jet-form-builder__label-text\">Estado<\/div><\/div><div class=\"jet-form-builder__field-wrap\">\r\n\t<input name=\"estado_orc\" id=\"estado_orc\" type=\"text\" data-field-name=\"estado_orc\" class=\"jet-form-builder__field text-field\" data-jfb-sync=\"\">\r\n<\/div>\n<\/div>\n\n<div  class=\"jet-form-builder-row field-type-textarea-field\" >\n<div class=\"jet-form-builder__label\">\r\n<div class=\"jet-form-builder__label-text\">Deixe uma mensagem<\/div><\/div><div class=\"jet-form-builder__field-wrap\">\r\n\t<textarea class=\"jet-form-builder__field textarea-field\" name=\"deixe_uma_mensagem\" data-field-name=\"deixe_uma_mensagem\" id=\"deixe_uma_mensagem\" data-jfb-sync=\"\"><\/textarea>\r\n<\/div>\n<\/div><\/div>\n<\/div>\n\n\n<div  class=\"jet-form-builder-row field-type-checkbox-field\" >\n<div class=\"jet-form-builder__fields-group checkradio-wrap\" data-jfb-sync><div class=\"jet-form-builder__field-wrap checkboxes-wrap checkradio-wrap\"><label class=\"jet-form-builder__field-label for-checkbox\">\r\n<input type=\"checkbox\" name=\"field_name\" value=\"termos_lgpd_check\" data-field-name=\"field_name\"  class=\"jet-form-builder__field checkboxes-field checkradio-field\"><span>Ao preencher este formul\u00e1rio, voc\u00ea concorda com o uso dos seus dados de acordo com a Lei Geral de Prote\u00e7\u00e3o de Dados (LGPD). Seus dados ser\u00e3o coletados e processados de forma segura e utilizados exclusivamente para os fins descritos neste formul\u00e1rio..<\/span><\/label><\/div><\/div><div class=\"jet-form-builder__desc\"><small>Voc\u00ea pode encontrar mais informa\u00e7\u00f5es sobre como seus dados ser\u00e3o tratados em nossa pol\u00edtica de privacidade.<\/small><\/div>\n<\/div>\n\n<div  class=\"jet-form-builder-row field-type-submit-field\" >\n\t<div data-type=\"submit\" class=\"jet-form-builder__action-button-wrapper jet-form-builder__submit-wrap\">\r\n\t<button class=\"jet-form-builder__action-button jet-form-builder__submit submit-type-reload\" type=\"submit\">Solicitar or\u00e7amento<\/button>\r\n\t<\/div>\r\n\t\n<\/div>\n\n\t<div class=\"jet-form-builder-messages-wrap\" data-form-id=\"2123\"><\/div>\r\n<\/form>\r\n\t\t<\/div>\n\t\t\t\t<\/div>\n\t\t\t\t\t\t<\/div>\n\t\t\t\t\t<\/div>\n\t\t<\/div>\n\t\t\t\t\t\t\t\t<\/div>\n\t\t\t\t\t<\/div>\n\t\t<\/section>\n\t\t\t\t\t\t\t\t\t<\/div>\n\t\t\t<\/div>\n\t\t\t\t\t<\/div>\n\t\t","protected":false},"excerpt":{"rendered":"<p>Solicite seu or\u00e7amentoControle de Ponto e Acesso: Transforme sua empresa. Voc\u00ea est\u00e1 a um passa inova\u00e7\u00e3o na sua empresa. Preencha o formul\u00e1rio abaixo Trabalhamos com produtos TOPDATA, a fabricante \u00e9 reconhecida pela qualidade dos seus equipamentos com 23 anos de experi\u00eancia no mercado. Temos mais de 18 anos de experi\u00eancia no mercado de controle de [&hellip;]<\/p>\n","protected":false},"author":2,"featured_media":0,"parent":0,"menu_order":0,"comment_status":"closed","ping_status":"closed","template":"elementor_header_footer","meta":{"_joinchat":[],"footnotes":""},"class_list":["post-2112","page","type-page","status-publish","hentry"],"_links":{"self":[{"href":"http:\/\/infokings.com.br\/lp\/wp-json\/wp\/v2\/pages\/2112","targetHints":{"allow":["GET"]}}],"collection":[{"href":"http:\/\/infokings.com.br\/lp\/wp-json\/wp\/v2\/pages"}],"about":[{"href":"http:\/\/infokings.com.br\/lp\/wp-json\/wp\/v2\/types\/page"}],"author":[{"embeddable":true,"href":"http:\/\/infokings.com.br\/lp\/wp-json\/wp\/v2\/users\/2"}],"replies":[{"embeddable":true,"href":"http:\/\/infokings.com.br\/lp\/wp-json\/wp\/v2\/comments?post=2112"}],"version-history":[{"count":42,"href":"http:\/\/infokings.com.br\/lp\/wp-json\/wp\/v2\/pages\/2112\/revisions"}],"predecessor-version":[{"id":6056,"href":"http:\/\/infokings.com.br\/lp\/wp-json\/wp\/v2\/pages\/2112\/revisions\/6056"}],"wp:attachment":[{"href":"http:\/\/infokings.com.br\/lp\/wp-json\/wp\/v2\/media?parent=2112"}],"curies":[{"name":"wp","href":"https:\/\/api.w.org\/{rel}","templated":true}]}}